{"id":2434,"date":"2024-04-24T16:04:22","date_gmt":"2024-04-24T21:04:22","guid":{"rendered":"https:\/\/www.indusquim.co\/?post_type=product&#038;p=2434"},"modified":"2024-07-25T11:13:42","modified_gmt":"2024-07-25T16:13:42","slug":"detersoft-victoria","status":"publish","type":"product","link":"https:\/\/www.indusquim.co\/index.php\/producto\/detersoft-victoria\/","title":{"rendered":"DETERSOFT VICTORIA"},"content":{"rendered":"<p>Adicionado con abrillantador que resalta el color blanco. Este producto se sugiere implementar las lavander\u00edas de hoteles y moteles.<\/p>\n<p class=\"p1\">DOSIFICACI\u00d3N: Aplicar entre 2 ml y 4 ml de DETERSOFT GRAS ECO por libra de ropa cargada.<\/p>\n","protected":false},"excerpt":{"rendered":"<p class=\"p1\">Detergente, emulsificante, humectante y desengrasante con base en Tensoactivos formulados para la f\u00e1cil remoci\u00f3n de todo tipo de suciedad presente en las prendas, gracias a que cuenta con enzimas que digieren residuos org\u00e1nicos.<\/p>\n<ul>\n<li>Gal\u00f3n<\/li>\n<li>Cu\u00f1ete<\/li>\n<\/ul>\n<p class=\"p1\"><a href=\"https:\/\/www.indusquim.co\/wp-content\/uploads\/2024\/06\/ficha-tecnica-DETERSOFT-WD-2022.pdf\" target=\"_blank\" rel=\"noopener\"><span class=\"s1\">Ficha t\u00e9cnica<\/span><\/a><\/p>\n","protected":false},"featured_media":2437,"comment_status":"closed","ping_status":"closed","template":"","meta":{"_joinchat":[]},"product_cat":[30],"product_tag":[],"class_list":{"0":"post-2434","1":"product","2":"type-product","3":"status-publish","4":"has-post-thumbnail","6":"product_cat-lavanderia","8":"first","9":"instock","10":"shipping-taxable","11":"product-type-simple"},"_links":{"self":[{"href":"https:\/\/www.indusquim.co\/index.php\/wp-json\/wp\/v2\/product\/2434","targetHints":{"allow":["GET"]}}],"collection":[{"href":"https:\/\/www.indusquim.co\/index.php\/wp-json\/wp\/v2\/product"}],"about":[{"href":"https:\/\/www.indusquim.co\/index.php\/wp-json\/wp\/v2\/types\/product"}],"replies":[{"embeddable":true,"href":"https:\/\/www.indusquim.co\/index.php\/wp-json\/wp\/v2\/comments?post=2434"}],"wp:featuredmedia":[{"embeddable":true,"href":"https:\/\/www.indusquim.co\/index.php\/wp-json\/wp\/v2\/media\/2437"}],"wp:attachment":[{"href":"https:\/\/www.indusquim.co\/index.php\/wp-json\/wp\/v2\/media?parent=2434"}],"wp:term":[{"taxonomy":"product_cat","embeddable":true,"href":"https:\/\/www.indusquim.co\/index.php\/wp-json\/wp\/v2\/product_cat?post=2434"},{"taxonomy":"product_tag","embeddable":true,"href":"https:\/\/www.indusquim.co\/index.php\/wp-json\/wp\/v2\/product_tag?post=2434"}],"curies":[{"name":"wp","href":"https:\/\/api.w.org\/{rel}","templated":true}]}}