{"id":2424,"date":"2024-04-24T15:57:21","date_gmt":"2024-04-24T20:57:21","guid":{"rendered":"https:\/\/www.indusquim.co\/?post_type=product&#038;p=2424"},"modified":"2024-07-25T11:16:43","modified_gmt":"2024-07-25T16:16:43","slug":"soft-wax","status":"publish","type":"product","link":"https:\/\/www.indusquim.co\/index.php\/producto\/soft-wax\/","title":{"rendered":"SOFT WAX"},"content":{"rendered":"<p class=\"p1\">APLICACI\u00d3N: Su aplicaci\u00f3n genera una pel\u00edcula que asegura la protecci\u00f3n del piso de cualquier material, facilitando la limpieza, evitando focos de contaminaci\u00f3n y aportando brillo y est\u00e9tica.<\/p>\n<p class=\"p1\">DOSIFICACI\u00d3N: Puro.<\/p>\n","protected":false},"excerpt":{"rendered":"<p class=\"p1\">Cera auto brillante para pisos.<\/p>\n<ul>\n<li>Gal\u00f3n<\/li>\n<li>Cu\u00f1ete<\/li>\n<\/ul>\n","protected":false},"featured_media":2428,"comment_status":"closed","ping_status":"closed","template":"","meta":{"_joinchat":[]},"product_cat":[32],"product_tag":[],"class_list":{"0":"post-2424","1":"product","2":"type-product","3":"status-publish","4":"has-post-thumbnail","6":"product_cat-institucional","8":"first","9":"instock","10":"shipping-taxable","11":"product-type-simple"},"_links":{"self":[{"href":"https:\/\/www.indusquim.co\/index.php\/wp-json\/wp\/v2\/product\/2424","targetHints":{"allow":["GET"]}}],"collection":[{"href":"https:\/\/www.indusquim.co\/index.php\/wp-json\/wp\/v2\/product"}],"about":[{"href":"https:\/\/www.indusquim.co\/index.php\/wp-json\/wp\/v2\/types\/product"}],"replies":[{"embeddable":true,"href":"https:\/\/www.indusquim.co\/index.php\/wp-json\/wp\/v2\/comments?post=2424"}],"wp:featuredmedia":[{"embeddable":true,"href":"https:\/\/www.indusquim.co\/index.php\/wp-json\/wp\/v2\/media\/2428"}],"wp:attachment":[{"href":"https:\/\/www.indusquim.co\/index.php\/wp-json\/wp\/v2\/media?parent=2424"}],"wp:term":[{"taxonomy":"product_cat","embeddable":true,"href":"https:\/\/www.indusquim.co\/index.php\/wp-json\/wp\/v2\/product_cat?post=2424"},{"taxonomy":"product_tag","embeddable":true,"href":"https:\/\/www.indusquim.co\/index.php\/wp-json\/wp\/v2\/product_tag?post=2424"}],"curies":[{"name":"wp","href":"https:\/\/api.w.org\/{rel}","templated":true}]}}