{"id":2419,"date":"2024-04-24T15:53:41","date_gmt":"2024-04-24T20:53:41","guid":{"rendered":"https:\/\/www.indusquim.co\/?post_type=product&#038;p=2419"},"modified":"2024-07-25T11:17:59","modified_gmt":"2024-07-25T16:17:59","slug":"soft-wax-plm","status":"publish","type":"product","link":"https:\/\/www.indusquim.co\/index.php\/producto\/soft-wax-plm\/","title":{"rendered":"SOFT WAX PLM"},"content":{"rendered":"<p class=\"p1\">APLICACI\u00d3N: Su aplicaci\u00f3n genera una pel\u00edcula que asegura la protecci\u00f3n del piso de cualquier material, facilitando la limpieza, evitando focos de contaminaci\u00f3n y aportando brillo y est\u00e9tica.<\/p>\n<p class=\"p1\">DOSIFICACI\u00d3N: Puro.<\/p>\n","protected":false},"excerpt":{"rendered":"<p class=\"p1\">Cera polim\u00e9rica auto brillante para pisos. Protege el suelo, lo embellece y facilita su limpieza.<\/p>\n<ul>\n<li>Gal\u00f3n<\/li>\n<li>Cu\u00f1ete<\/li>\n<\/ul>\n<p class=\"p1\"><a href=\"https:\/\/www.indusquim.co\/wp-content\/uploads\/2024\/06\/ficha-tecnica-SOFT-WAX-PLM-2022.pdf\" target=\"_blank\" rel=\"noopener\"><span class=\"s1\">Ficha t\u00e9cnica<\/span><\/a><\/p>\n","protected":false},"featured_media":2422,"comment_status":"closed","ping_status":"closed","template":"","meta":{"_joinchat":[]},"product_cat":[32],"product_tag":[],"class_list":{"0":"post-2419","1":"product","2":"type-product","3":"status-publish","4":"has-post-thumbnail","6":"product_cat-institucional","8":"first","9":"instock","10":"shipping-taxable","11":"product-type-simple"},"_links":{"self":[{"href":"https:\/\/www.indusquim.co\/index.php\/wp-json\/wp\/v2\/product\/2419","targetHints":{"allow":["GET"]}}],"collection":[{"href":"https:\/\/www.indusquim.co\/index.php\/wp-json\/wp\/v2\/product"}],"about":[{"href":"https:\/\/www.indusquim.co\/index.php\/wp-json\/wp\/v2\/types\/product"}],"replies":[{"embeddable":true,"href":"https:\/\/www.indusquim.co\/index.php\/wp-json\/wp\/v2\/comments?post=2419"}],"wp:featuredmedia":[{"embeddable":true,"href":"https:\/\/www.indusquim.co\/index.php\/wp-json\/wp\/v2\/media\/2422"}],"wp:attachment":[{"href":"https:\/\/www.indusquim.co\/index.php\/wp-json\/wp\/v2\/media?parent=2419"}],"wp:term":[{"taxonomy":"product_cat","embeddable":true,"href":"https:\/\/www.indusquim.co\/index.php\/wp-json\/wp\/v2\/product_cat?post=2419"},{"taxonomy":"product_tag","embeddable":true,"href":"https:\/\/www.indusquim.co\/index.php\/wp-json\/wp\/v2\/product_tag?post=2419"}],"curies":[{"name":"wp","href":"https:\/\/api.w.org\/{rel}","templated":true}]}}