{"id":2399,"date":"2024-04-24T15:44:05","date_gmt":"2024-04-24T20:44:05","guid":{"rendered":"https:\/\/www.indusquim.co\/?post_type=product&#038;p=2399"},"modified":"2024-07-25T11:26:10","modified_gmt":"2024-07-25T16:26:10","slug":"soft-gel","status":"publish","type":"product","link":"https:\/\/www.indusquim.co\/index.php\/producto\/soft-gel\/","title":{"rendered":"SOFT GEL"},"content":{"rendered":"<p class=\"p1\">APLICACI\u00d3N: Diluido en agua, aplique la soluci\u00f3n sobre bater\u00edas sanitarias, pisos y paredes con ayuda de un elemento abrasivo. Enjuague con agua.<\/p>\n<p class=\"p1\">DOSIFICACI\u00d3N: Prepare soluciones al 10 % de concentraci\u00f3n.<\/p>\n","protected":false},"excerpt":{"rendered":"<p class=\"p1\">Detergente en gel adicionado con cloro y agradable fragancia residual, asegurando ambientes limpios, inocuos y agradables.<\/p>\n<ul>\n<li>Gal\u00f3n<\/li>\n<li>Cu\u00f1ete<\/li>\n<\/ul>\n<p class=\"p1\"><a href=\"https:\/\/www.indusquim.co\/wp-content\/uploads\/2024\/06\/ficha-tecnica-SOFT-GEL-2022.pdf\" target=\"_blank\" rel=\"noopener\"><span class=\"s1\">Ficha t\u00e9cnica<\/span><\/a><\/p>\n","protected":false},"featured_media":2403,"comment_status":"closed","ping_status":"closed","template":"","meta":{"_joinchat":[]},"product_cat":[32],"product_tag":[],"class_list":{"0":"post-2399","1":"product","2":"type-product","3":"status-publish","4":"has-post-thumbnail","6":"product_cat-institucional","8":"first","9":"instock","10":"shipping-taxable","11":"product-type-simple"},"_links":{"self":[{"href":"https:\/\/www.indusquim.co\/index.php\/wp-json\/wp\/v2\/product\/2399","targetHints":{"allow":["GET"]}}],"collection":[{"href":"https:\/\/www.indusquim.co\/index.php\/wp-json\/wp\/v2\/product"}],"about":[{"href":"https:\/\/www.indusquim.co\/index.php\/wp-json\/wp\/v2\/types\/product"}],"replies":[{"embeddable":true,"href":"https:\/\/www.indusquim.co\/index.php\/wp-json\/wp\/v2\/comments?post=2399"}],"wp:featuredmedia":[{"embeddable":true,"href":"https:\/\/www.indusquim.co\/index.php\/wp-json\/wp\/v2\/media\/2403"}],"wp:attachment":[{"href":"https:\/\/www.indusquim.co\/index.php\/wp-json\/wp\/v2\/media?parent=2399"}],"wp:term":[{"taxonomy":"product_cat","embeddable":true,"href":"https:\/\/www.indusquim.co\/index.php\/wp-json\/wp\/v2\/product_cat?post=2399"},{"taxonomy":"product_tag","embeddable":true,"href":"https:\/\/www.indusquim.co\/index.php\/wp-json\/wp\/v2\/product_tag?post=2399"}],"curies":[{"name":"wp","href":"https:\/\/api.w.org\/{rel}","templated":true}]}}