{"id":2394,"date":"2024-04-24T15:42:12","date_gmt":"2024-04-24T20:42:12","guid":{"rendered":"https:\/\/www.indusquim.co\/?post_type=product&#038;p=2394"},"modified":"2024-07-25T11:27:35","modified_gmt":"2024-07-25T16:27:35","slug":"soft-carpet","status":"publish","type":"product","link":"https:\/\/www.indusquim.co\/index.php\/producto\/soft-carpet\/","title":{"rendered":"SOFT CARPET"},"content":{"rendered":"<p>APLICACI\u00d3N: Con ayuda de un cepillo aplique sobre la superficie deseada. Retire con un pa\u00f1o h\u00famedo y deje secar de forma natural.<\/p>\n<p class=\"p1\">DOSIFICACI\u00d3N: Prepare soluciones entre 5% y 10% de concentraci\u00f3n con base en SOFT CARPET.<\/p>\n","protected":false},"excerpt":{"rendered":"<p class=\"p1\">Shampoo de limpieza profunda para alfombras y muebles en tela con agradable fragancia residual.<\/p>\n<ul>\n<li>Gal\u00f3n<\/li>\n<li>Cu\u00f1ete<\/li>\n<\/ul>\n","protected":false},"featured_media":2398,"comment_status":"closed","ping_status":"closed","template":"","meta":{"_joinchat":[]},"product_cat":[32],"product_tag":[],"class_list":{"0":"post-2394","1":"product","2":"type-product","3":"status-publish","4":"has-post-thumbnail","6":"product_cat-institucional","8":"first","9":"instock","10":"shipping-taxable","11":"product-type-simple"},"_links":{"self":[{"href":"https:\/\/www.indusquim.co\/index.php\/wp-json\/wp\/v2\/product\/2394","targetHints":{"allow":["GET"]}}],"collection":[{"href":"https:\/\/www.indusquim.co\/index.php\/wp-json\/wp\/v2\/product"}],"about":[{"href":"https:\/\/www.indusquim.co\/index.php\/wp-json\/wp\/v2\/types\/product"}],"replies":[{"embeddable":true,"href":"https:\/\/www.indusquim.co\/index.php\/wp-json\/wp\/v2\/comments?post=2394"}],"wp:featuredmedia":[{"embeddable":true,"href":"https:\/\/www.indusquim.co\/index.php\/wp-json\/wp\/v2\/media\/2398"}],"wp:attachment":[{"href":"https:\/\/www.indusquim.co\/index.php\/wp-json\/wp\/v2\/media?parent=2394"}],"wp:term":[{"taxonomy":"product_cat","embeddable":true,"href":"https:\/\/www.indusquim.co\/index.php\/wp-json\/wp\/v2\/product_cat?post=2394"},{"taxonomy":"product_tag","embeddable":true,"href":"https:\/\/www.indusquim.co\/index.php\/wp-json\/wp\/v2\/product_tag?post=2394"}],"curies":[{"name":"wp","href":"https:\/\/api.w.org\/{rel}","templated":true}]}}