{"id":2380,"date":"2024-04-24T15:31:52","date_gmt":"2024-04-24T20:31:52","guid":{"rendered":"https:\/\/www.indusquim.co\/?post_type=product&#038;p=2380"},"modified":"2024-07-25T11:32:54","modified_gmt":"2024-07-25T16:32:54","slug":"lustraplus","status":"publish","type":"product","link":"https:\/\/www.indusquim.co\/index.php\/producto\/lustraplus\/","title":{"rendered":"LUSTRAPLUS"},"content":{"rendered":"<p class=\"p1\">APLICACI\u00d3N: El lustraplus crea una pel\u00edcula de seguridad anti depositante evita que se acumule el polvo, residuos, l\u00edquidos y rasgu\u00f1os, dando brillo y protecci\u00f3n.<\/p>\n<p class=\"p1\">DOSIFICACI\u00d3N: Con ayuda de un pa\u00f1o h\u00famedo se aplica puro sobre la superficie deseada. Excelente desempe\u00f1o en madera y cuero.<\/p>\n","protected":false},"excerpt":{"rendered":"<p class=\"p1\">Lustrador para madera y cuero.<\/p>\n<ul>\n<li>Gal\u00f3n<\/li>\n<li>Cu\u00f1ete<\/li>\n<\/ul>\n<p class=\"p1\"><a href=\"https:\/\/www.indusquim.co\/wp-content\/uploads\/2024\/06\/ficha-tecnica-LUSTRAPLUS-2022.pdf\" target=\"_blank\" rel=\"noopener\"><span class=\"s1\">Ficha t\u00e9cnica<\/span><\/a><\/p>\n","protected":false},"featured_media":2382,"comment_status":"closed","ping_status":"closed","template":"","meta":{"_joinchat":[]},"product_cat":[32],"product_tag":[],"class_list":{"0":"post-2380","1":"product","2":"type-product","3":"status-publish","4":"has-post-thumbnail","6":"product_cat-institucional","8":"first","9":"instock","10":"shipping-taxable","11":"product-type-simple"},"_links":{"self":[{"href":"https:\/\/www.indusquim.co\/index.php\/wp-json\/wp\/v2\/product\/2380","targetHints":{"allow":["GET"]}}],"collection":[{"href":"https:\/\/www.indusquim.co\/index.php\/wp-json\/wp\/v2\/product"}],"about":[{"href":"https:\/\/www.indusquim.co\/index.php\/wp-json\/wp\/v2\/types\/product"}],"replies":[{"embeddable":true,"href":"https:\/\/www.indusquim.co\/index.php\/wp-json\/wp\/v2\/comments?post=2380"}],"wp:featuredmedia":[{"embeddable":true,"href":"https:\/\/www.indusquim.co\/index.php\/wp-json\/wp\/v2\/media\/2382"}],"wp:attachment":[{"href":"https:\/\/www.indusquim.co\/index.php\/wp-json\/wp\/v2\/media?parent=2380"}],"wp:term":[{"taxonomy":"product_cat","embeddable":true,"href":"https:\/\/www.indusquim.co\/index.php\/wp-json\/wp\/v2\/product_cat?post=2380"},{"taxonomy":"product_tag","embeddable":true,"href":"https:\/\/www.indusquim.co\/index.php\/wp-json\/wp\/v2\/product_tag?post=2380"}],"curies":[{"name":"wp","href":"https:\/\/api.w.org\/{rel}","templated":true}]}}