{"id":2354,"date":"2024-04-24T15:16:38","date_gmt":"2024-04-24T20:16:38","guid":{"rendered":"https:\/\/www.indusquim.co\/?post_type=product&#038;p=2354"},"modified":"2024-07-25T11:44:19","modified_gmt":"2024-07-25T16:44:19","slug":"oxiclor","status":"publish","type":"product","link":"https:\/\/www.indusquim.co\/index.php\/producto\/oxiclor\/","title":{"rendered":"OXICLOR"},"content":{"rendered":"<p class=\"p1\">APLICACI\u00d3N Poderoso desinfectante para de frutas y verduras, y excelente producto para procesos de desinfecci\u00f3n en plan de choque. No requiere enjuague. Se sugiere implementar desinfecci\u00f3n por inmersi\u00f3n, o mediante equipos dosificadores como aspersor o nebulizador. Ayuda con la disminuci\u00f3n de contaminaci\u00f3n de aguas residuales.<\/p>\n<p class=\"p1\">DOSIFICACI\u00d3N: Preparar soluciones al 0,5% (5 ML por litro de agua) de concentraci\u00f3n con base en OXICLOR.<\/p>\n","protected":false},"excerpt":{"rendered":"<p class=\"p1\">Desinfectante terminal con base en per\u00f3xido de cloro<\/p>\n<ul>\n<li>Gal\u00f3n<\/li>\n<li>Cu\u00f1ete<\/li>\n<\/ul>\n<p class=\"p1\"><a href=\"https:\/\/www.indusquim.co\/wp-content\/uploads\/2024\/06\/ficha-tecnica-OXICLOR-2022.pdf\" target=\"_blank\" rel=\"noopener\"><span class=\"s1\">Ficha t\u00e9cnica<\/span><\/a><\/p>\n","protected":false},"featured_media":2358,"comment_status":"closed","ping_status":"closed","template":"","meta":{"_joinchat":[]},"product_cat":[31],"product_tag":[],"class_list":{"0":"post-2354","1":"product","2":"type-product","3":"status-publish","4":"has-post-thumbnail","6":"product_cat-cocinas-alimentos","8":"first","9":"instock","10":"shipping-taxable","11":"product-type-simple"},"_links":{"self":[{"href":"https:\/\/www.indusquim.co\/index.php\/wp-json\/wp\/v2\/product\/2354","targetHints":{"allow":["GET"]}}],"collection":[{"href":"https:\/\/www.indusquim.co\/index.php\/wp-json\/wp\/v2\/product"}],"about":[{"href":"https:\/\/www.indusquim.co\/index.php\/wp-json\/wp\/v2\/types\/product"}],"replies":[{"embeddable":true,"href":"https:\/\/www.indusquim.co\/index.php\/wp-json\/wp\/v2\/comments?post=2354"}],"wp:featuredmedia":[{"embeddable":true,"href":"https:\/\/www.indusquim.co\/index.php\/wp-json\/wp\/v2\/media\/2358"}],"wp:attachment":[{"href":"https:\/\/www.indusquim.co\/index.php\/wp-json\/wp\/v2\/media?parent=2354"}],"wp:term":[{"taxonomy":"product_cat","embeddable":true,"href":"https:\/\/www.indusquim.co\/index.php\/wp-json\/wp\/v2\/product_cat?post=2354"},{"taxonomy":"product_tag","embeddable":true,"href":"https:\/\/www.indusquim.co\/index.php\/wp-json\/wp\/v2\/product_tag?post=2354"}],"curies":[{"name":"wp","href":"https:\/\/api.w.org\/{rel}","templated":true}]}}