{"id":2337,"date":"2024-04-24T15:06:04","date_gmt":"2024-04-24T20:06:04","guid":{"rendered":"https:\/\/www.indusquim.co\/?post_type=product&#038;p=2337"},"modified":"2024-07-25T11:49:52","modified_gmt":"2024-07-25T16:49:52","slug":"dtr-glass-reforzado","status":"publish","type":"product","link":"https:\/\/www.indusquim.co\/index.php\/producto\/dtr-glass-reforzado\/","title":{"rendered":"DTR GLASS REFORZADO"},"content":{"rendered":"<p class=\"p1\">DOSIFICACI\u00d3N: Conecte a la m\u00e1quina lavavajillas o aplique al 0,25% de concentraci\u00f3n.<\/p>\n","protected":false},"excerpt":{"rendered":"<p class=\"p1\">Detergente alcalino de espuma controlada desarrollado espec\u00edficamente para el lavado en m\u00e1quinas lavavajillas.<\/p>\n<ul>\n<li>Gal\u00f3n<\/li>\n<li>Cu\u00f1ete<\/li>\n<\/ul>\n<p class=\"p1\"><a href=\"https:\/\/www.indusquim.co\/wp-content\/uploads\/2024\/06\/ficha-tecnica-DTR-GLASS-2022.pdf\" target=\"_blank\" rel=\"noopener\"><span class=\"s1\">Ficha t\u00e9cnica<\/span><\/a><\/p>\n","protected":false},"featured_media":2669,"comment_status":"closed","ping_status":"closed","template":"","meta":{"_joinchat":[]},"product_cat":[31],"product_tag":[],"class_list":{"0":"post-2337","1":"product","2":"type-product","3":"status-publish","4":"has-post-thumbnail","6":"product_cat-cocinas-alimentos","8":"first","9":"instock","10":"shipping-taxable","11":"product-type-simple"},"_links":{"self":[{"href":"https:\/\/www.indusquim.co\/index.php\/wp-json\/wp\/v2\/product\/2337","targetHints":{"allow":["GET"]}}],"collection":[{"href":"https:\/\/www.indusquim.co\/index.php\/wp-json\/wp\/v2\/product"}],"about":[{"href":"https:\/\/www.indusquim.co\/index.php\/wp-json\/wp\/v2\/types\/product"}],"replies":[{"embeddable":true,"href":"https:\/\/www.indusquim.co\/index.php\/wp-json\/wp\/v2\/comments?post=2337"}],"wp:featuredmedia":[{"embeddable":true,"href":"https:\/\/www.indusquim.co\/index.php\/wp-json\/wp\/v2\/media\/2669"}],"wp:attachment":[{"href":"https:\/\/www.indusquim.co\/index.php\/wp-json\/wp\/v2\/media?parent=2337"}],"wp:term":[{"taxonomy":"product_cat","embeddable":true,"href":"https:\/\/www.indusquim.co\/index.php\/wp-json\/wp\/v2\/product_cat?post=2337"},{"taxonomy":"product_tag","embeddable":true,"href":"https:\/\/www.indusquim.co\/index.php\/wp-json\/wp\/v2\/product_tag?post=2337"}],"curies":[{"name":"wp","href":"https:\/\/api.w.org\/{rel}","templated":true}]}}