{"id":2328,"date":"2024-04-24T14:59:57","date_gmt":"2024-04-24T19:59:57","guid":{"rendered":"https:\/\/www.indusquim.co\/?post_type=product&#038;p=2328"},"modified":"2024-07-25T11:53:55","modified_gmt":"2024-07-25T16:53:55","slug":"la-clor","status":"publish","type":"product","link":"https:\/\/www.indusquim.co\/index.php\/producto\/la-clor\/","title":{"rendered":"LA CLOR"},"content":{"rendered":"<p class=\"p1\">APLICACI\u00d3N: Perfecto desempe\u00f1o para superficies y lavado en procesos CIP. Espuma controlada.<\/p>\n<p class=\"p1\">DOSIFICACI\u00d3N: Preparar soluciones entre 1% Y 3% de concentraci\u00f3n con base en LA CLOR. Para una dosificaci\u00f3n m\u00e1s acertada, cont\u00e1ctese con nuestro equipo t\u00e9cnico para tener el gusto de atenderle.<\/p>\n","protected":false},"excerpt":{"rendered":"<p class=\"p1\">Detergente alcalino-clorado de baja formaci\u00f3n de espuma, alto poder desengrasante y desinfectante por su contenido de cloro. F\u00e1cil enjuague.<\/p>\n<ul>\n<li>Gal\u00f3n<\/li>\n<li>Cu\u00f1ete<\/li>\n<\/ul>\n","protected":false},"featured_media":2329,"comment_status":"closed","ping_status":"closed","template":"","meta":{"_joinchat":[]},"product_cat":[31],"product_tag":[],"class_list":{"0":"post-2328","1":"product","2":"type-product","3":"status-publish","4":"has-post-thumbnail","6":"product_cat-cocinas-alimentos","8":"first","9":"instock","10":"shipping-taxable","11":"product-type-simple"},"_links":{"self":[{"href":"https:\/\/www.indusquim.co\/index.php\/wp-json\/wp\/v2\/product\/2328","targetHints":{"allow":["GET"]}}],"collection":[{"href":"https:\/\/www.indusquim.co\/index.php\/wp-json\/wp\/v2\/product"}],"about":[{"href":"https:\/\/www.indusquim.co\/index.php\/wp-json\/wp\/v2\/types\/product"}],"replies":[{"embeddable":true,"href":"https:\/\/www.indusquim.co\/index.php\/wp-json\/wp\/v2\/comments?post=2328"}],"wp:featuredmedia":[{"embeddable":true,"href":"https:\/\/www.indusquim.co\/index.php\/wp-json\/wp\/v2\/media\/2329"}],"wp:attachment":[{"href":"https:\/\/www.indusquim.co\/index.php\/wp-json\/wp\/v2\/media?parent=2328"}],"wp:term":[{"taxonomy":"product_cat","embeddable":true,"href":"https:\/\/www.indusquim.co\/index.php\/wp-json\/wp\/v2\/product_cat?post=2328"},{"taxonomy":"product_tag","embeddable":true,"href":"https:\/\/www.indusquim.co\/index.php\/wp-json\/wp\/v2\/product_tag?post=2328"}],"curies":[{"name":"wp","href":"https:\/\/api.w.org\/{rel}","templated":true}]}}