{"id":2323,"date":"2024-04-24T14:57:48","date_gmt":"2024-04-24T19:57:48","guid":{"rendered":"https:\/\/www.indusquim.co\/?post_type=product&#038;p=2323"},"modified":"2024-07-25T11:54:55","modified_gmt":"2024-07-25T16:54:55","slug":"dtr-plus","status":"publish","type":"product","link":"https:\/\/www.indusquim.co\/index.php\/producto\/dtr-plus\/","title":{"rendered":"DTR PLUS"},"content":{"rendered":"<p class=\"p1\">APLICACI\u00d3N: Ideal para el lavado de planchas, parrillas, campanas de extracci\u00f3n, hornos, estufas y cualquier superficie que almacene grasas dif\u00edciles.<\/p>\n<p class=\"p1\">DOSIFICACI\u00d3N: Preparar soluciones entre el 5% y 10% de concentraci\u00f3n con base en DTR PLUS, que ser\u00eda 50ml a 100 ml de DTR PLUS por cada litro de agua, dependiendo el grado de exigencia. Para una dosificaci\u00f3n m\u00e1s acertada, cont\u00e1ctese con nuestro equipo t\u00e9cnico para tener el gusto de atenderle.<\/p>\n","protected":false},"excerpt":{"rendered":"<p class=\"p1\">Detergente pH alcalino de alto poder desengrasante. Para el mantenimiento de planchas, parrillas, campanas de extracci\u00f3n, en general grasas de dif\u00edcil remoci\u00f3n.<\/p>\n<ul>\n<li>Gal\u00f3n<\/li>\n<li>Cu\u00f1ete<\/li>\n<\/ul>\n","protected":false},"featured_media":2325,"comment_status":"closed","ping_status":"closed","template":"","meta":{"_joinchat":[]},"product_cat":[31],"product_tag":[],"class_list":{"0":"post-2323","1":"product","2":"type-product","3":"status-publish","4":"has-post-thumbnail","6":"product_cat-cocinas-alimentos","8":"first","9":"instock","10":"shipping-taxable","11":"product-type-simple"},"_links":{"self":[{"href":"https:\/\/www.indusquim.co\/index.php\/wp-json\/wp\/v2\/product\/2323","targetHints":{"allow":["GET"]}}],"collection":[{"href":"https:\/\/www.indusquim.co\/index.php\/wp-json\/wp\/v2\/product"}],"about":[{"href":"https:\/\/www.indusquim.co\/index.php\/wp-json\/wp\/v2\/types\/product"}],"replies":[{"embeddable":true,"href":"https:\/\/www.indusquim.co\/index.php\/wp-json\/wp\/v2\/comments?post=2323"}],"wp:featuredmedia":[{"embeddable":true,"href":"https:\/\/www.indusquim.co\/index.php\/wp-json\/wp\/v2\/media\/2325"}],"wp:attachment":[{"href":"https:\/\/www.indusquim.co\/index.php\/wp-json\/wp\/v2\/media?parent=2323"}],"wp:term":[{"taxonomy":"product_cat","embeddable":true,"href":"https:\/\/www.indusquim.co\/index.php\/wp-json\/wp\/v2\/product_cat?post=2323"},{"taxonomy":"product_tag","embeddable":true,"href":"https:\/\/www.indusquim.co\/index.php\/wp-json\/wp\/v2\/product_tag?post=2323"}],"curies":[{"name":"wp","href":"https:\/\/api.w.org\/{rel}","templated":true}]}}