{"id":2305,"date":"2024-04-24T14:41:01","date_gmt":"2024-04-24T19:41:01","guid":{"rendered":"https:\/\/www.indusquim.co\/?post_type=product&#038;p=2305"},"modified":"2025-05-22T22:21:00","modified_gmt":"2025-05-23T03:21:00","slug":"bio-bac","status":"publish","type":"product","link":"https:\/\/www.indusquim.co\/index.php\/producto\/bio-bac\/","title":{"rendered":"BIO BAC"},"content":{"rendered":"<p class=\"p1\">APLICACI\u00d3N: Dise\u00f1ado para la desinfecci\u00f3n de frutas y verduras, y excelente producto para procesos de desinfecci\u00f3n en plan de choque. No requiere enjuague. Se sugiere implementar desinfecci\u00f3n por inmersi\u00f3n, o mediante equipos dosificadores como aspersor o nebulizador.<\/p>\n<p class=\"p1\">DOSIFICACI\u00d3N: Preparar soluciones al 0,3% (3 ML por litro de agua) de concentraci\u00f3n con base en BIO BAC.<\/p>\n","protected":false},"excerpt":{"rendered":"<p>Desinfectante de amplio espectro con base en \u00e1cido perac\u00e9tico.<\/p>\n<ul>\n<li>Gal\u00f3n<\/li>\n<li>Cu\u00f1ete<\/li>\n<\/ul>\n<p><span class=\"s1\"><a href=\"https:\/\/www.indusquim.co\/wp-content\/uploads\/2024\/06\/ficha-tecnica-BIO-BAC-2022.pdf\" target=\"_blank\" rel=\"noopener\">Ficha t\u00e9cnica<\/a><\/span><\/p>\n","protected":false},"featured_media":2307,"comment_status":"closed","ping_status":"closed","template":"","meta":{"_joinchat":[]},"product_cat":[31],"product_tag":[],"class_list":{"0":"post-2305","1":"product","2":"type-product","3":"status-publish","4":"has-post-thumbnail","6":"product_cat-cocinas-alimentos","8":"first","9":"instock","10":"shipping-taxable","11":"product-type-simple"},"_links":{"self":[{"href":"https:\/\/www.indusquim.co\/index.php\/wp-json\/wp\/v2\/product\/2305","targetHints":{"allow":["GET"]}}],"collection":[{"href":"https:\/\/www.indusquim.co\/index.php\/wp-json\/wp\/v2\/product"}],"about":[{"href":"https:\/\/www.indusquim.co\/index.php\/wp-json\/wp\/v2\/types\/product"}],"replies":[{"embeddable":true,"href":"https:\/\/www.indusquim.co\/index.php\/wp-json\/wp\/v2\/comments?post=2305"}],"wp:featuredmedia":[{"embeddable":true,"href":"https:\/\/www.indusquim.co\/index.php\/wp-json\/wp\/v2\/media\/2307"}],"wp:attachment":[{"href":"https:\/\/www.indusquim.co\/index.php\/wp-json\/wp\/v2\/media?parent=2305"}],"wp:term":[{"taxonomy":"product_cat","embeddable":true,"href":"https:\/\/www.indusquim.co\/index.php\/wp-json\/wp\/v2\/product_cat?post=2305"},{"taxonomy":"product_tag","embeddable":true,"href":"https:\/\/www.indusquim.co\/index.php\/wp-json\/wp\/v2\/product_tag?post=2305"}],"curies":[{"name":"wp","href":"https:\/\/api.w.org\/{rel}","templated":true}]}}